{"id":292,"date":"2026-04-28T11:01:08","date_gmt":"2026-04-28T11:01:08","guid":{"rendered":"https:\/\/museatime.com\/?page_id=292"},"modified":"2026-04-28T12:39:11","modified_gmt":"2026-04-28T12:39:11","slug":"elementor-292","status":"publish","type":"page","link":"https:\/\/museatime.com\/","title":{"rendered":"Elementor #292"},"content":{"rendered":"\t\t<div data-elementor-type=\"wp-page\" data-elementor-id=\"292\" class=\"elementor elementor-292\" data-elementor-post-type=\"page\">\n\t\t\t\t<div class=\"elementor-element elementor-element-94465ad e-flex e-con-boxed e-con e-parent\" data-id=\"94465ad\" data-element_type=\"container\" data-e-type=\"container\" data-settings=\"{&quot;background_background&quot;:&quot;slideshow&quot;,&quot;background_slideshow_gallery&quot;:[{&quot;id&quot;:325,&quot;url&quot;:&quot;https:\\\/\\\/museatime.com\\\/wp-content\\\/uploads\\\/2026\\\/04\\\/Dance_Course_Website_Silhouetted_dancers_move_passionately_on_a_dimly_xpm3m91B-3-scaled.png&quot;}],&quot;background_slideshow_loop&quot;:&quot;yes&quot;,&quot;background_slideshow_slide_duration&quot;:5000,&quot;background_slideshow_slide_transition&quot;:&quot;fade&quot;,&quot;background_slideshow_transition_duration&quot;:500}\">\n\t\t\t\t\t<div class=\"e-con-inner\">\n\t\t\t\t<div class=\"elementor-element elementor-element-0c4b816 elementor-widget elementor-widget-text-editor\" data-id=\"0c4b816\" data-element_type=\"widget\" data-e-type=\"widget\" data-widget_type=\"text-editor.default\">\n\t\t\t\t\t\t\t\t\t<h2><span style=\"color: inherit; font-size: 2rem;\">Dansul mirilor, lec\u021bii private \u0219i clase de dans pentru orice nivel.&nbsp;<\/span><\/h2><h2><span style=\"color: inherit; font-size: 2rem;\">F\u0103 primul pas chiar ast\u0103zi.<\/span><\/h2>\t\t\t\t\t\t\t\t<\/div>\n\t\t\t\t<div class=\"elementor-element elementor-element-40ef829 elementor-widget elementor-widget-text-editor\" data-id=\"40ef829\" data-element_type=\"widget\" data-e-type=\"widget\" data-widget_type=\"text-editor.default\">\n\t\t\t\t\t\t\t\t\t<h1 class=\"hero-title\">&nbsp;<span style=\"font-size: clamp(2.4rem, 6vw, 4.4rem);\">\u00cenva\u021b\u0103 s\u0103 dansezi<\/span><\/h1><h1 class=\"hero-title\"><em style=\"font-size: clamp(2.4rem, 6vw, 4.4rem);\">f\u0103r\u0103 stres.<\/em><\/h1>\t\t\t\t\t\t\t\t<\/div>\n\t\t\t\t\t<\/div>\n\t\t\t\t<\/div>\n\t\t\t\t<\/div>\n\t\t","protected":false},"excerpt":{"rendered":"<p>Dansul mirilor, lec\u021bii private \u0219i clase de dans pentru orice nivel.&nbsp; F\u0103 primul pas chiar ast\u0103zi. &nbsp;\u00cenva\u021b\u0103 s\u0103 dansezi f\u0103r\u0103 stres.<\/p>\n","protected":false},"author":1,"featured_media":0,"parent":0,"menu_order":0,"comment_status":"closed","ping_status":"closed","template":"","meta":{"footnotes":""},"class_list":["post-292","page","type-page","status-publish","hentry"],"_links":{"self":[{"href":"https:\/\/museatime.com\/index.php?rest_route=\/wp\/v2\/pages\/292","targetHints":{"allow":["GET"]}}],"collection":[{"href":"https:\/\/museatime.com\/index.php?rest_route=\/wp\/v2\/pages"}],"about":[{"href":"https:\/\/museatime.com\/index.php?rest_route=\/wp\/v2\/types\/page"}],"author":[{"embeddable":true,"href":"https:\/\/museatime.com\/index.php?rest_route=\/wp\/v2\/users\/1"}],"replies":[{"embeddable":true,"href":"https:\/\/museatime.com\/index.php?rest_route=%2Fwp%2Fv2%2Fcomments&post=292"}],"version-history":[{"count":6,"href":"https:\/\/museatime.com\/index.php?rest_route=\/wp\/v2\/pages\/292\/revisions"}],"predecessor-version":[{"id":335,"href":"https:\/\/museatime.com\/index.php?rest_route=\/wp\/v2\/pages\/292\/revisions\/335"}],"wp:attachment":[{"href":"https:\/\/museatime.com\/index.php?rest_route=%2Fwp%2Fv2%2Fmedia&parent=292"}],"curies":[{"name":"wp","href":"https:\/\/api.w.org\/{rel}","templated":true}]}}